{"id":199,"date":"2024-07-05T20:12:16","date_gmt":"2024-07-05T20:12:16","guid":{"rendered":"https:\/\/gayubas.com\/?page_id=199"},"modified":"2024-07-12T14:57:38","modified_gmt":"2024-07-12T14:57:38","slug":"quem-somos","status":"publish","type":"page","link":"https:\/\/gayubas.com\/index.php\/quem-somos\/","title":{"rendered":"Quem somos"},"content":{"rendered":"\t\t<div data-elementor-type=\"wp-page\" data-elementor-id=\"199\" class=\"elementor elementor-199\" data-elementor-post-type=\"page\">\n\t\t\t\t<div class=\"elementor-element elementor-element-0ce1899 e-flex e-con-boxed e-con e-parent\" data-id=\"0ce1899\" data-element_type=\"container\" data-settings=\"{&quot;background_background&quot;:&quot;classic&quot;}\">\n\t\t\t\t\t<div class=\"e-con-inner\">\n\t\t<div class=\"elementor-element elementor-element-6246d84 e-con-full e-flex e-con e-child\" data-id=\"6246d84\" data-element_type=\"container\">\n\t\t\t\t<div class=\"elementor-element elementor-element-600577a elementor-widget elementor-widget-heading\" data-id=\"600577a\" data-element_type=\"widget\" data-widget_type=\"heading.default\">\n\t\t\t\t<div class=\"elementor-widget-container\">\n\t\t\t<h2 class=\"elementor-heading-title elementor-size-default\">QUEM SOMOS<\/h2>\t\t<\/div>\n\t\t\t\t<\/div>\n\t\t\t\t<\/div>\n\t\t<div class=\"elementor-element elementor-element-cbc1754 e-con-full e-flex e-con e-child\" data-id=\"cbc1754\" data-element_type=\"container\">\n\t\t\t\t<\/div>\n\t\t\t\t\t<\/div>\n\t\t\t\t<\/div>\n\t\t<div class=\"elementor-element elementor-element-58ece98 e-flex e-con-boxed e-con e-parent\" data-id=\"58ece98\" data-element_type=\"container\">\n\t\t\t\t\t<div class=\"e-con-inner\">\n\t\t<div class=\"elementor-element elementor-element-ba2bc0e e-con-full e-flex e-con e-child\" data-id=\"ba2bc0e\" data-element_type=\"container\">\n\t\t\t\t<div class=\"elementor-element elementor-element-fd7bac1 elementor-widget elementor-widget-text-editor\" data-id=\"fd7bac1\" data-element_type=\"widget\" data-widget_type=\"text-editor.default\">\n\t\t\t\t<div class=\"elementor-widget-container\">\n\t\t\t\t\t\t\t<p>A <strong>Gayubas Representa\u00e7\u00e3o<\/strong> \u00e9 uma empresa dirigida por Mauricio Gayubas com expertise no segmento automotivo h\u00e1 mais de 30 anos nas \u00e1reas de vendas para o mercado de reposi\u00e7\u00e3o, \u00e1rea t\u00e9cnica e treinamentos comerciais, com foco no desenvolvimento de neg\u00f3cios na Am\u00e9rica do Sul.<\/p><p>A equipe conta com profissionais com ampla experi\u00eancia no mercado de autope\u00e7as automotivas &#8211; ve\u00edculos leves e pesados, militar, mar\u00edtimo, minera\u00e7\u00e3o, agr\u00edcola e fora de estrada.<\/p>\t\t\t\t\t\t<\/div>\n\t\t\t\t<\/div>\n\t\t\t\t<div class=\"elementor-element elementor-element-4b8a671 elementor-widget elementor-widget-heading\" data-id=\"4b8a671\" data-element_type=\"widget\" data-widget_type=\"heading.default\">\n\t\t\t\t<div class=\"elementor-widget-container\">\n\t\t\t<h2 class=\"elementor-heading-title elementor-size-default\">Nosso Prop\u00f3sito<\/h2>\t\t<\/div>\n\t\t\t\t<\/div>\n\t\t\t\t<div class=\"elementor-element elementor-element-4886b6b elementor-widget elementor-widget-text-editor\" data-id=\"4886b6b\" data-element_type=\"widget\" data-widget_type=\"text-editor.default\">\n\t\t\t\t<div class=\"elementor-widget-container\">\n\t\t\t\t\t\t\t<p>Promover a Seguran\u00e7a Automotiva e mobilidade sustent\u00e1vel<\/p>\t\t\t\t\t\t<\/div>\n\t\t\t\t<\/div>\n\t\t\t\t<\/div>\n\t\t<div class=\"elementor-element elementor-element-32563fa e-con-full e-flex e-con e-child\" data-id=\"32563fa\" data-element_type=\"container\" data-settings=\"{&quot;background_background&quot;:&quot;classic&quot;}\">\n\t\t\t\t<div class=\"elementor-element elementor-element-41081c2 elementor-invisible elementor-widget elementor-widget-image\" data-id=\"41081c2\" data-element_type=\"widget\" data-settings=\"{&quot;_animation&quot;:&quot;fadeInRight&quot;}\" data-widget_type=\"image.default\">\n\t\t\t\t<div class=\"elementor-widget-container\">\n\t\t\t\t\t\t\t\t\t\t\t\t\t<img fetchpriority=\"high\" decoding=\"async\" width=\"800\" height=\"800\" src=\"https:\/\/gayubas.com\/wp-content\/uploads\/2024\/07\/2-1024x1024.jpg\" class=\"attachment-large size-large wp-image-215\" alt=\"\" srcset=\"https:\/\/gayubas.com\/wp-content\/uploads\/2024\/07\/2-1024x1024.jpg 1024w, https:\/\/gayubas.com\/wp-content\/uploads\/2024\/07\/2-300x300.jpg 300w, https:\/\/gayubas.com\/wp-content\/uploads\/2024\/07\/2-150x150.jpg 150w, https:\/\/gayubas.com\/wp-content\/uploads\/2024\/07\/2-768x768.jpg 768w, https:\/\/gayubas.com\/wp-content\/uploads\/2024\/07\/2.jpg 1080w\" sizes=\"(max-width: 800px) 100vw, 800px\" \/>\t\t\t\t\t\t\t\t\t\t\t\t\t<\/div>\n\t\t\t\t<\/div>\n\t\t\t\t<\/div>\n\t\t\t\t\t<\/div>\n\t\t\t\t<\/div>\n\t\t<div class=\"elementor-element elementor-element-b421e03 e-flex e-con-boxed e-con e-parent\" data-id=\"b421e03\" data-element_type=\"container\" data-settings=\"{&quot;background_background&quot;:&quot;gradient&quot;}\">\n\t\t\t\t\t<div class=\"e-con-inner\">\n\t\t<div class=\"elementor-element elementor-element-484e2df e-con-full e-flex e-con e-child\" data-id=\"484e2df\" data-element_type=\"container\">\n\t\t\t\t<div class=\"elementor-element elementor-element-8b02cba elementor-view-stacked elementor-position-left elementor-vertical-align-middle elementor-shape-circle elementor-mobile-position-top elementor-widget elementor-widget-icon-box\" data-id=\"8b02cba\" data-element_type=\"widget\" data-widget_type=\"icon-box.default\">\n\t\t\t\t<div class=\"elementor-widget-container\">\n\t\t\t\t\t<div class=\"elementor-icon-box-wrapper\">\n\n\t\t\t\t\t\t<div class=\"elementor-icon-box-icon\">\n\t\t\t\t<span  class=\"elementor-icon elementor-animation-grow\">\n\t\t\t\t<svg aria-hidden=\"true\" class=\"e-font-icon-svg e-far-handshake\" viewBox=\"0 0 640 512\" xmlns=\"http:\/\/www.w3.org\/2000\/svg\"><path d=\"M519.2 127.9l-47.6-47.6A56.252 56.252 0 0 0 432 64H205.2c-14.8 0-29.1 5.9-39.6 16.3L118 127.9H0v255.7h64c17.6 0 31.8-14.2 31.9-31.7h9.1l84.6 76.4c30.9 25.1 73.8 25.7 105.6 3.8 12.5 10.8 26 15.9 41.1 15.9 18.2 0 35.3-7.4 48.8-24 22.1 8.7 48.2 2.6 64-16.8l26.2-32.3c5.6-6.9 9.1-14.8 10.9-23h57.9c.1 17.5 14.4 31.7 31.9 31.7h64V127.9H519.2zM48 351.6c-8.8 0-16-7.2-16-16s7.2-16 16-16 16 7.2 16 16c0 8.9-7.2 16-16 16zm390-6.9l-26.1 32.2c-2.8 3.4-7.8 4-11.3 1.2l-23.9-19.4-30 36.5c-6 7.3-15 4.8-18 2.4l-36.8-31.5-15.6 19.2c-13.9 17.1-39.2 19.7-55.3 6.6l-97.3-88H96V175.8h41.9l61.7-61.6c2-.8 3.7-1.5 5.7-2.3H262l-38.7 35.5c-29.4 26.9-31.1 72.3-4.4 101.3 14.8 16.2 61.2 41.2 101.5 4.4l8.2-7.5 108.2 87.8c3.4 2.8 3.9 7.9 1.2 11.3zm106-40.8h-69.2c-2.3-2.8-4.9-5.4-7.7-7.7l-102.7-83.4 12.5-11.4c6.5-6 7-16.1 1-22.6L367 167.1c-6-6.5-16.1-6.9-22.6-1l-55.2 50.6c-9.5 8.7-25.7 9.4-34.6 0-9.3-9.9-8.5-25.1 1.2-33.9l65.6-60.1c7.4-6.8 17-10.5 27-10.5l83.7-.2c2.1 0 4.1.8 5.5 2.3l61.7 61.6H544v128zm48 47.7c-8.8 0-16-7.2-16-16s7.2-16 16-16 16 7.2 16 16c0 8.9-7.2 16-16 16z\"><\/path><\/svg>\t\t\t\t<\/span>\n\t\t\t<\/div>\n\t\t\t\n\t\t\t\t\t\t<div class=\"elementor-icon-box-content\">\n\n\t\t\t\t\t\t\t\t\t<h3 class=\"elementor-icon-box-title\">\n\t\t\t\t\t\t<span  >\n\t\t\t\t\t\t\tMiss\u00e3o\t\t\t\t\t\t<\/span>\n\t\t\t\t\t<\/h3>\n\t\t\t\t\n\t\t\t\t\n\t\t\t<\/div>\n\t\t\t\n\t\t<\/div>\n\t\t\t\t<\/div>\n\t\t\t\t<\/div>\n\t\t\t\t<div class=\"elementor-element elementor-element-00a6d55 elementor-widget elementor-widget-text-editor\" data-id=\"00a6d55\" data-element_type=\"widget\" data-widget_type=\"text-editor.default\">\n\t\t\t\t<div class=\"elementor-widget-container\">\n\t\t\t\t\t\t\t<p>Nosso compromisso \u00e9 fornecer solu\u00e7\u00f5es t\u00e9cnicas especializadas e servi\u00e7os de consultoria excepcionais para a ind\u00fastria automotiva. Buscamos constantemente a excel\u00eancia no atendimento ao cliente, oferecendo suporte abrangente em representa\u00e7\u00e3o de autope\u00e7as, consultoria t\u00e9cnica veicular e laudos periciais, visando garantir a seguran\u00e7a, qualidade e desempenho dos ve\u00edculos em circula\u00e7\u00e3o.<\/p>\t\t\t\t\t\t<\/div>\n\t\t\t\t<\/div>\n\t\t\t\t<\/div>\n\t\t<div class=\"elementor-element elementor-element-77d9319 e-con-full e-flex e-con e-child\" data-id=\"77d9319\" data-element_type=\"container\">\n\t\t\t\t<div class=\"elementor-element elementor-element-a45e59b elementor-view-stacked elementor-position-left elementor-vertical-align-middle elementor-shape-circle elementor-mobile-position-top elementor-widget elementor-widget-icon-box\" data-id=\"a45e59b\" data-element_type=\"widget\" data-widget_type=\"icon-box.default\">\n\t\t\t\t<div class=\"elementor-widget-container\">\n\t\t\t\t\t<div class=\"elementor-icon-box-wrapper\">\n\n\t\t\t\t\t\t<div class=\"elementor-icon-box-icon\">\n\t\t\t\t<span  class=\"elementor-icon elementor-animation-grow\">\n\t\t\t\t<svg aria-hidden=\"true\" class=\"e-font-icon-svg e-far-lightbulb\" viewBox=\"0 0 352 512\" xmlns=\"http:\/\/www.w3.org\/2000\/svg\"><path d=\"M176 80c-52.94 0-96 43.06-96 96 0 8.84 7.16 16 16 16s16-7.16 16-16c0-35.3 28.72-64 64-64 8.84 0 16-7.16 16-16s-7.16-16-16-16zM96.06 459.17c0 3.15.93 6.22 2.68 8.84l24.51 36.84c2.97 4.46 7.97 7.14 13.32 7.14h78.85c5.36 0 10.36-2.68 13.32-7.14l24.51-36.84c1.74-2.62 2.67-5.7 2.68-8.84l.05-43.18H96.02l.04 43.18zM176 0C73.72 0 0 82.97 0 176c0 44.37 16.45 84.85 43.56 115.78 16.64 18.99 42.74 58.8 52.42 92.16v.06h48v-.12c-.01-4.77-.72-9.51-2.15-14.07-5.59-17.81-22.82-64.77-62.17-109.67-20.54-23.43-31.52-53.15-31.61-84.14-.2-73.64 59.67-128 127.95-128 70.58 0 128 57.42 128 128 0 30.97-11.24 60.85-31.65 84.14-39.11 44.61-56.42 91.47-62.1 109.46a47.507 47.507 0 0 0-2.22 14.3v.1h48v-.05c9.68-33.37 35.78-73.18 52.42-92.16C335.55 260.85 352 220.37 352 176 352 78.8 273.2 0 176 0z\"><\/path><\/svg>\t\t\t\t<\/span>\n\t\t\t<\/div>\n\t\t\t\n\t\t\t\t\t\t<div class=\"elementor-icon-box-content\">\n\n\t\t\t\t\t\t\t\t\t<h3 class=\"elementor-icon-box-title\">\n\t\t\t\t\t\t<span  >\n\t\t\t\t\t\t\tVis\u00e3o\t\t\t\t\t\t<\/span>\n\t\t\t\t\t<\/h3>\n\t\t\t\t\n\t\t\t\t\n\t\t\t<\/div>\n\t\t\t\n\t\t<\/div>\n\t\t\t\t<\/div>\n\t\t\t\t<\/div>\n\t\t\t\t<div class=\"elementor-element elementor-element-850e3b6 elementor-widget elementor-widget-text-editor\" data-id=\"850e3b6\" data-element_type=\"widget\" data-widget_type=\"text-editor.default\">\n\t\t\t\t<div class=\"elementor-widget-container\">\n\t\t\t\t\t\t\t<p>Ser reconhecida como a principal refer\u00eancia em representa\u00e7\u00e3o de autope\u00e7as, consultoria t\u00e9cnica veicular e servi\u00e7os de laudo pericial, oferecendo um padr\u00e3o de excel\u00eancia e inova\u00e7\u00e3o que ultrapasse as expectativas dos clientes. Nosso objetivo \u00e9 construir parcerias duradouras e sermos l\u00edderes no setor, impulsionados pela nossa paix\u00e3o pela qualidade e comprometimento com a seguran\u00e7a automotiva.<\/p>\t\t\t\t\t\t<\/div>\n\t\t\t\t<\/div>\n\t\t\t\t<\/div>\n\t\t<div class=\"elementor-element elementor-element-4553e37 e-con-full e-flex e-con e-child\" data-id=\"4553e37\" data-element_type=\"container\">\n\t\t\t\t<div class=\"elementor-element elementor-element-d12bb2b elementor-view-stacked elementor-position-left elementor-vertical-align-middle elementor-shape-circle elementor-mobile-position-top elementor-widget elementor-widget-icon-box\" data-id=\"d12bb2b\" data-element_type=\"widget\" data-widget_type=\"icon-box.default\">\n\t\t\t\t<div class=\"elementor-widget-container\">\n\t\t\t\t\t<div class=\"elementor-icon-box-wrapper\">\n\n\t\t\t\t\t\t<div class=\"elementor-icon-box-icon\">\n\t\t\t\t<span  class=\"elementor-icon elementor-animation-grow\">\n\t\t\t\t<svg aria-hidden=\"true\" class=\"e-font-icon-svg e-far-gem\" viewBox=\"0 0 576 512\" xmlns=\"http:\/\/www.w3.org\/2000\/svg\"><path d=\"M464 0H112c-4 0-7.8 2-10 5.4L2 152.6c-2.9 4.4-2.6 10.2.7 14.2l276 340.8c4.8 5.9 13.8 5.9 18.6 0l276-340.8c3.3-4.1 3.6-9.8.7-14.2L474.1 5.4C471.8 2 468.1 0 464 0zm-19.3 48l63.3 96h-68.4l-51.7-96h56.8zm-202.1 0h90.7l51.7 96H191l51.6-96zm-111.3 0h56.8l-51.7 96H68l63.3-96zm-43 144h51.4L208 352 88.3 192zm102.9 0h193.6L288 435.3 191.2 192zM368 352l68.2-160h51.4L368 352z\"><\/path><\/svg>\t\t\t\t<\/span>\n\t\t\t<\/div>\n\t\t\t\n\t\t\t\t\t\t<div class=\"elementor-icon-box-content\">\n\n\t\t\t\t\t\t\t\t\t<h3 class=\"elementor-icon-box-title\">\n\t\t\t\t\t\t<span  >\n\t\t\t\t\t\t\tValores\t\t\t\t\t\t<\/span>\n\t\t\t\t\t<\/h3>\n\t\t\t\t\n\t\t\t\t\n\t\t\t<\/div>\n\t\t\t\n\t\t<\/div>\n\t\t\t\t<\/div>\n\t\t\t\t<\/div>\n\t\t\t\t<div class=\"elementor-element elementor-element-00fca24 elementor-widget elementor-widget-text-editor\" data-id=\"00fca24\" data-element_type=\"widget\" data-widget_type=\"text-editor.default\">\n\t\t\t\t<div class=\"elementor-widget-container\">\n\t\t\t\t\t\t\t<p>Integridade, Excel\u00eancia, Inova\u00e7\u00e3o, Compromisso com o cliente, Responsabilidade, Sustentabilidade.<\/p>\t\t\t\t\t\t<\/div>\n\t\t\t\t<\/div>\n\t\t\t\t<\/div>\n\t\t\t\t\t<\/div>\n\t\t\t\t<\/div>\n\t\t<div class=\"elementor-element elementor-element-eed0ada e-flex e-con-boxed e-con e-parent\" data-id=\"eed0ada\" data-element_type=\"container\">\n\t\t\t\t\t<div class=\"e-con-inner\">\n\t\t<div class=\"elementor-element elementor-element-f2d5b26 e-con-full e-flex e-con e-child\" data-id=\"f2d5b26\" data-element_type=\"container\">\n\t\t\t\t<div class=\"elementor-element elementor-element-490aa84 elementor-invisible elementor-widget elementor-widget-image\" data-id=\"490aa84\" data-element_type=\"widget\" data-settings=\"{&quot;_animation&quot;:&quot;fadeInLeft&quot;}\" data-widget_type=\"image.default\">\n\t\t\t\t<div class=\"elementor-widget-container\">\n\t\t\t\t\t\t\t\t\t\t\t\t\t<img decoding=\"async\" width=\"405\" height=\"445\" src=\"https:\/\/gayubas.com\/wp-content\/uploads\/2024\/07\/MAURICIO-GAYUBAS.jpg\" class=\"attachment-large size-large wp-image-220\" alt=\"\" srcset=\"https:\/\/gayubas.com\/wp-content\/uploads\/2024\/07\/MAURICIO-GAYUBAS.jpg 405w, https:\/\/gayubas.com\/wp-content\/uploads\/2024\/07\/MAURICIO-GAYUBAS-273x300.jpg 273w\" sizes=\"(max-width: 405px) 100vw, 405px\" \/>\t\t\t\t\t\t\t\t\t\t\t\t\t<\/div>\n\t\t\t\t<\/div>\n\t\t\t\t<\/div>\n\t\t<div class=\"elementor-element elementor-element-f579a1d e-con-full e-flex e-con e-child\" data-id=\"f579a1d\" data-element_type=\"container\" data-settings=\"{&quot;background_background&quot;:&quot;classic&quot;}\">\n\t\t\t\t<div class=\"elementor-element elementor-element-d2d0d47 elementor-widget elementor-widget-heading\" data-id=\"d2d0d47\" data-element_type=\"widget\" data-widget_type=\"heading.default\">\n\t\t\t\t<div class=\"elementor-widget-container\">\n\t\t\t<h2 class=\"elementor-heading-title elementor-size-default\">Mauricio Gayubas<\/h2>\t\t<\/div>\n\t\t\t\t<\/div>\n\t\t\t\t<div class=\"elementor-element elementor-element-030b2a1 elementor-widget elementor-widget-text-editor\" data-id=\"030b2a1\" data-element_type=\"widget\" data-widget_type=\"text-editor.default\">\n\t\t\t\t<div class=\"elementor-widget-container\">\n\t\t\t\t\t\t\t<ul><li><span style=\"color: #ffffff;\">Doutorando em Inova\u00e7\u00e3o e Estrat\u00e9gia em Gest\u00e3o <\/span><span style=\"color: #ffffff;\">Internacional pela ESPM<\/span><\/li><li><span style=\"color: #ffffff;\">Mestre em Administra\u00e7\u00e3o em Gest\u00e3o Ambiental e Sustentabilidade &#8211; Frankf\u00fcrt University of Applied Sciences<\/span><\/li><li><span style=\"color: #ffffff;\">MBA em Gest\u00e3o Executiva de Marketing &amp; Vendas &#8211; FGV<\/span><\/li><li><span style=\"color: #ffffff;\">MBI Eletromobilidade e Energia \u2013 Faculdades da Ind\u00fastria \u2013 Federa\u00e7\u00e3o<\/span><br \/><span style=\"color: #ffffff;\">das Ind\u00fastrias do Paran\u00e1 (FIEP)<\/span><\/li><li><span style=\"color: #ffffff;\">Especialista em Educa\u00e7\u00e3o para o Ensino Profissionalizante &#8211; UNINOVE<\/span><\/li><li><span style=\"color: #ffffff;\">Engenheiro Eletricista Pleno &#8211; FESP<\/span><\/li><li><span style=\"color: #ffffff;\">Mais de <span style=\"color: #bbb461;\">30 anos de\u00a0 <em>experi\u00eancia comercial<\/em><\/span> em Multinacionais como <em><span style=\"color: #bbb461;\">Bosch, Delco Remy, Meritor<\/span> <\/em>Sistemas Automotivos, entre outras.<\/span><\/li><li><span style=\"color: #ffffff;\">Experi\u00eancia em <span style=\"color: #bbb461;\">Suporte t\u00e9cnico comercial e treinamentos<\/span> para as<\/span><br \/><span style=\"color: #ffffff;\">redes de concession\u00e1rios da linha pesada e fora de estrada na<span style=\"color: #bbb461;\"> Am\u00e9rica Latina, no Brasil e exterior;<\/span><\/span><\/li><li><span style=\"color: #ffffff;\"><span style=\"color: #bbb461;\">Cria\u00e7\u00e3o de unidades comerciais<\/span> avan\u00e7adas no <span style=\"color: #bbb461;\">Chile<\/span> e na <span style=\"color: #bbb461;\">Argentina<\/span><\/span><br \/><span style=\"color: #ffffff;\">para comercializa\u00e7\u00e3o e treinamentos de produtos junto a rede de<\/span><br \/><span style=\"color: #ffffff;\">distribuidores de autope\u00e7as;<\/span><\/li><li><span style=\"color: #ffffff;\">Realiza\u00e7\u00e3o de<span style=\"color: #bbb461;\"> Trabalhos e Simp\u00f3sios T\u00e9cnicos<\/span> nos <span style=\"color: #bbb461;\">Estados Unidos,<\/span><\/span><br \/><span style=\"color: #ffffff;\"><span style=\"color: #bbb461;\">Alemanha, Hungria e M\u00e9xico<\/span> para assuntos de remanufatura,<\/span><br \/><span style=\"color: #ffffff;\">comercializa\u00e7\u00e3o, conceitos t\u00e9cnicos e embalagens reaproveit\u00e1veis<\/span><br \/><span style=\"color: #ffffff;\">para processos log\u00edsticos.<\/span><\/li><\/ul>\t\t\t\t\t\t<\/div>\n\t\t\t\t<\/div>\n\t\t\t\t<\/div>\n\t\t\t\t\t<\/div>\n\t\t\t\t<\/div>\n\t\t<div class=\"elementor-element elementor-element-1af0b67 e-flex e-con-boxed e-con e-parent\" data-id=\"1af0b67\" data-element_type=\"container\">\n\t\t\t\t\t<div class=\"e-con-inner\">\n\t\t<div class=\"elementor-element elementor-element-7d4f9ac e-con-full e-flex e-con e-child\" data-id=\"7d4f9ac\" data-element_type=\"container\">\n\t\t\t\t<\/div>\n\t\t<div class=\"elementor-element elementor-element-7374882 e-con-full e-flex e-con e-child\" data-id=\"7374882\" data-element_type=\"container\">\n\t\t\t\t<\/div>\n\t\t\t\t\t<\/div>\n\t\t\t\t<\/div>\n\t\t\t\t<\/div>\n\t\t","protected":false},"excerpt":{"rendered":"<p>QUEM SOMOS A Gayubas Representa\u00e7\u00e3o \u00e9 uma empresa dirigida por Mauricio Gayubas com expertise no segmento automotivo h\u00e1 mais de 30 anos nas \u00e1reas de vendas para o mercado de reposi\u00e7\u00e3o, \u00e1rea t\u00e9cnica e treinamentos comerciais, com foco no desenvolvimento de neg\u00f3cios na Am\u00e9rica do Sul. A equipe conta com profissionais com ampla experi\u00eancia no [&hellip;]<\/p>\n","protected":false},"author":1,"featured_media":0,"parent":0,"menu_order":0,"comment_status":"closed","ping_status":"closed","template":"","meta":{"footnotes":""},"class_list":["post-199","page","type-page","status-publish","hentry"],"_links":{"self":[{"href":"https:\/\/gayubas.com\/index.php\/wp-json\/wp\/v2\/pages\/199","targetHints":{"allow":["GET"]}}],"collection":[{"href":"https:\/\/gayubas.com\/index.php\/wp-json\/wp\/v2\/pages"}],"about":[{"href":"https:\/\/gayubas.com\/index.php\/wp-json\/wp\/v2\/types\/page"}],"author":[{"embeddable":true,"href":"https:\/\/gayubas.com\/index.php\/wp-json\/wp\/v2\/users\/1"}],"replies":[{"embeddable":true,"href":"https:\/\/gayubas.com\/index.php\/wp-json\/wp\/v2\/comments?post=199"}],"version-history":[{"count":34,"href":"https:\/\/gayubas.com\/index.php\/wp-json\/wp\/v2\/pages\/199\/revisions"}],"predecessor-version":[{"id":316,"href":"https:\/\/gayubas.com\/index.php\/wp-json\/wp\/v2\/pages\/199\/revisions\/316"}],"wp:attachment":[{"href":"https:\/\/gayubas.com\/index.php\/wp-json\/wp\/v2\/media?parent=199"}],"curies":[{"name":"wp","href":"https:\/\/api.w.org\/{rel}","templated":true}]}}