{"id":287,"date":"2024-07-10T14:33:23","date_gmt":"2024-07-10T14:33:23","guid":{"rendered":"https:\/\/gayubas.com\/?page_id=287"},"modified":"2024-07-24T12:32:34","modified_gmt":"2024-07-24T12:32:34","slug":"representadas","status":"publish","type":"page","link":"https:\/\/gayubas.com\/index.php\/representadas\/","title":{"rendered":"Representadas"},"content":{"rendered":"\t\t<div data-elementor-type=\"wp-page\" data-elementor-id=\"287\" class=\"elementor elementor-287\" data-elementor-post-type=\"page\">\n\t\t\t\t<div class=\"elementor-element elementor-element-0b683b6 e-flex e-con-boxed e-con e-parent\" data-id=\"0b683b6\" data-element_type=\"container\" data-settings=\"{&quot;background_background&quot;:&quot;classic&quot;}\">\n\t\t\t\t\t<div class=\"e-con-inner\">\n\t\t<div class=\"elementor-element elementor-element-3f0015d e-con-full e-flex e-con e-child\" data-id=\"3f0015d\" data-element_type=\"container\">\n\t\t\t\t<div class=\"elementor-element elementor-element-319a620 elementor-widget elementor-widget-heading\" data-id=\"319a620\" data-element_type=\"widget\" data-widget_type=\"heading.default\">\n\t\t\t\t<div class=\"elementor-widget-container\">\n\t\t\t<h2 class=\"elementor-heading-title elementor-size-default\">NOSSAS REPRESENTADAS<\/h2>\t\t<\/div>\n\t\t\t\t<\/div>\n\t\t\t\t<\/div>\n\t\t<div class=\"elementor-element elementor-element-efe10dc e-con-full e-flex e-con e-child\" data-id=\"efe10dc\" data-element_type=\"container\">\n\t\t\t\t<\/div>\n\t\t\t\t\t<\/div>\n\t\t\t\t<\/div>\n\t\t<div class=\"elementor-element elementor-element-00c2411 e-flex e-con-boxed e-con e-parent\" data-id=\"00c2411\" data-element_type=\"container\">\n\t\t\t\t\t<div class=\"e-con-inner\">\n\t\t<div class=\"elementor-element elementor-element-d1e8ff6 e-con-full e-flex e-con e-child\" data-id=\"d1e8ff6\" data-element_type=\"container\">\n\t\t\t\t<div class=\"elementor-element elementor-element-7ae03b5 elementor-widget elementor-widget-image\" data-id=\"7ae03b5\" data-element_type=\"widget\" data-widget_type=\"image.default\">\n\t\t\t\t<div class=\"elementor-widget-container\">\n\t\t\t\t\t\t\t\t\t\t\t\t\t<img fetchpriority=\"high\" decoding=\"async\" width=\"800\" height=\"405\" src=\"https:\/\/gayubas.com\/wp-content\/uploads\/2024\/05\/LOGO-SCHULZ-1024x519.png\" class=\"elementor-animation-grow attachment-large size-large wp-image-16\" alt=\"\" srcset=\"https:\/\/gayubas.com\/wp-content\/uploads\/2024\/05\/LOGO-SCHULZ-1024x519.png 1024w, https:\/\/gayubas.com\/wp-content\/uploads\/2024\/05\/LOGO-SCHULZ-300x152.png 300w, https:\/\/gayubas.com\/wp-content\/uploads\/2024\/05\/LOGO-SCHULZ-768x390.png 768w, https:\/\/gayubas.com\/wp-content\/uploads\/2024\/05\/LOGO-SCHULZ-1536x779.png 1536w, https:\/\/gayubas.com\/wp-content\/uploads\/2024\/05\/LOGO-SCHULZ.png 1786w\" sizes=\"(max-width: 800px) 100vw, 800px\" \/>\t\t\t\t\t\t\t\t\t\t\t\t\t<\/div>\n\t\t\t\t<\/div>\n\t\t\t\t<div class=\"elementor-element elementor-element-3e75b93 elementor-widget elementor-widget-text-editor\" data-id=\"3e75b93\" data-element_type=\"widget\" data-widget_type=\"text-editor.default\">\n\t\t\t\t<div class=\"elementor-widget-container\">\n\t\t\t\t\t\t\t<p>Bombas de freio, bombas<br \/>de dire\u00e7\u00e3o hidr\u00e1ulicas,<br \/>sapatas T, cu\u00edcas e<br \/>sapatas de freio.<\/p>\t\t\t\t\t\t<\/div>\n\t\t\t\t<\/div>\n\t\t\t\t<\/div>\n\t\t<div class=\"elementor-element elementor-element-5a57a7e e-con-full e-flex e-con e-child\" data-id=\"5a57a7e\" data-element_type=\"container\">\n\t\t\t\t<div class=\"elementor-element elementor-element-c98a5dd elementor-widget elementor-widget-image\" data-id=\"c98a5dd\" data-element_type=\"widget\" data-widget_type=\"image.default\">\n\t\t\t\t<div class=\"elementor-widget-container\">\n\t\t\t\t\t\t\t\t\t\t\t\t\t<img decoding=\"async\" width=\"800\" height=\"405\" src=\"https:\/\/gayubas.com\/wp-content\/uploads\/2024\/05\/LOGO-MERITOR-1024x519.png\" class=\"elementor-animation-grow attachment-large size-large wp-image-21\" alt=\"\" srcset=\"https:\/\/gayubas.com\/wp-content\/uploads\/2024\/05\/LOGO-MERITOR-1024x519.png 1024w, https:\/\/gayubas.com\/wp-content\/uploads\/2024\/05\/LOGO-MERITOR-300x152.png 300w, https:\/\/gayubas.com\/wp-content\/uploads\/2024\/05\/LOGO-MERITOR-768x390.png 768w, https:\/\/gayubas.com\/wp-content\/uploads\/2024\/05\/LOGO-MERITOR-1536x779.png 1536w, https:\/\/gayubas.com\/wp-content\/uploads\/2024\/05\/LOGO-MERITOR.png 1786w\" sizes=\"(max-width: 800px) 100vw, 800px\" \/>\t\t\t\t\t\t\t\t\t\t\t\t\t<\/div>\n\t\t\t\t<\/div>\n\t\t\t\t<div class=\"elementor-element elementor-element-f7c52d5 elementor-widget elementor-widget-text-editor\" data-id=\"f7c52d5\" data-element_type=\"widget\" data-widget_type=\"text-editor.default\">\n\t\t\t\t<div class=\"elementor-widget-container\">\n\t\t\t\t\t\t\t<p>Diferenciais, card\u00e3s,<br \/>cruzetas, rolamentos de<br \/>cubo de rodas, eixos e<br \/>amortecedores.<\/p>\t\t\t\t\t\t<\/div>\n\t\t\t\t<\/div>\n\t\t\t\t<\/div>\n\t\t<div class=\"elementor-element elementor-element-8374e42 e-con-full e-flex e-con e-child\" data-id=\"8374e42\" data-element_type=\"container\">\n\t\t\t\t<div class=\"elementor-element elementor-element-ba6d2de elementor-widget elementor-widget-image\" data-id=\"ba6d2de\" data-element_type=\"widget\" data-widget_type=\"image.default\">\n\t\t\t\t<div class=\"elementor-widget-container\">\n\t\t\t\t\t\t\t\t\t\t\t\t\t<img decoding=\"async\" width=\"800\" height=\"405\" src=\"https:\/\/gayubas.com\/wp-content\/uploads\/2024\/05\/LOGO-GOODYEAR-1024x519.png\" class=\"elementor-animation-grow attachment-large size-large wp-image-20\" alt=\"\" srcset=\"https:\/\/gayubas.com\/wp-content\/uploads\/2024\/05\/LOGO-GOODYEAR-1024x519.png 1024w, https:\/\/gayubas.com\/wp-content\/uploads\/2024\/05\/LOGO-GOODYEAR-300x152.png 300w, https:\/\/gayubas.com\/wp-content\/uploads\/2024\/05\/LOGO-GOODYEAR-768x390.png 768w, https:\/\/gayubas.com\/wp-content\/uploads\/2024\/05\/LOGO-GOODYEAR-1536x779.png 1536w, https:\/\/gayubas.com\/wp-content\/uploads\/2024\/05\/LOGO-GOODYEAR.png 1786w\" sizes=\"(max-width: 800px) 100vw, 800px\" \/>\t\t\t\t\t\t\t\t\t\t\t\t\t<\/div>\n\t\t\t\t<\/div>\n\t\t\t\t<div class=\"elementor-element elementor-element-c9f0e7d elementor-widget elementor-widget-text-editor\" data-id=\"c9f0e7d\" data-element_type=\"widget\" data-widget_type=\"text-editor.default\">\n\t\t\t\t<div class=\"elementor-widget-container\">\n\t\t\t\t\t\t\t<p>Correias e Tensionadores.<\/p>\t\t\t\t\t\t<\/div>\n\t\t\t\t<\/div>\n\t\t\t\t<\/div>\n\t\t<div class=\"elementor-element elementor-element-56d7ced e-con-full e-flex e-con e-child\" data-id=\"56d7ced\" data-element_type=\"container\">\n\t\t\t\t<div class=\"elementor-element elementor-element-0ae05bc elementor-widget elementor-widget-image\" data-id=\"0ae05bc\" data-element_type=\"widget\" data-widget_type=\"image.default\">\n\t\t\t\t<div class=\"elementor-widget-container\">\n\t\t\t\t\t\t\t\t\t\t\t\t\t<img loading=\"lazy\" decoding=\"async\" width=\"800\" height=\"405\" src=\"https:\/\/gayubas.com\/wp-content\/uploads\/2024\/05\/LOGO-DELKO-REMY-1024x519.png\" class=\"elementor-animation-grow attachment-large size-large wp-image-17\" alt=\"\" srcset=\"https:\/\/gayubas.com\/wp-content\/uploads\/2024\/05\/LOGO-DELKO-REMY-1024x519.png 1024w, https:\/\/gayubas.com\/wp-content\/uploads\/2024\/05\/LOGO-DELKO-REMY-300x152.png 300w, https:\/\/gayubas.com\/wp-content\/uploads\/2024\/05\/LOGO-DELKO-REMY-768x390.png 768w, https:\/\/gayubas.com\/wp-content\/uploads\/2024\/05\/LOGO-DELKO-REMY-1536x779.png 1536w, https:\/\/gayubas.com\/wp-content\/uploads\/2024\/05\/LOGO-DELKO-REMY.png 1786w\" sizes=\"(max-width: 800px) 100vw, 800px\" \/>\t\t\t\t\t\t\t\t\t\t\t\t\t<\/div>\n\t\t\t\t<\/div>\n\t\t\t\t<div class=\"elementor-element elementor-element-097d0f8 elementor-widget elementor-widget-text-editor\" data-id=\"097d0f8\" data-element_type=\"widget\" data-widget_type=\"text-editor.default\">\n\t\t\t\t<div class=\"elementor-widget-container\">\n\t\t\t\t\t\t\t<p>Alternadores e Motores de<br \/>Partida da marca Delco<br \/>Remy (BorgWarner).<\/p>\t\t\t\t\t\t<\/div>\n\t\t\t\t<\/div>\n\t\t\t\t<\/div>\n\t\t<div class=\"elementor-element elementor-element-3f76bbd e-con-full e-flex e-con e-child\" data-id=\"3f76bbd\" data-element_type=\"container\">\n\t\t\t\t<div class=\"elementor-element elementor-element-aed24a7 elementor-widget elementor-widget-image\" data-id=\"aed24a7\" data-element_type=\"widget\" data-widget_type=\"image.default\">\n\t\t\t\t<div class=\"elementor-widget-container\">\n\t\t\t\t\t\t\t\t\t\t\t\t\t<img loading=\"lazy\" decoding=\"async\" width=\"104\" height=\"87\" src=\"https:\/\/gayubas.com\/wp-content\/uploads\/2024\/07\/WhatsApp-Image-2024-07-11-at-13.54.02.jpeg\" class=\"elementor-animation-grow attachment-large size-large wp-image-319\" alt=\"\" \/>\t\t\t\t\t\t\t\t\t\t\t\t\t<\/div>\n\t\t\t\t<\/div>\n\t\t\t\t<div class=\"elementor-element elementor-element-1457770 elementor-widget elementor-widget-text-editor\" data-id=\"1457770\" data-element_type=\"widget\" data-widget_type=\"text-editor.default\">\n\t\t\t\t<div class=\"elementor-widget-container\">\n\t\t\t\t\t\t\t<p>As linhas de bombas de \u00e1gua, \u00f3leo e combust\u00edvel s\u00e3o as mais completas para atender o mercado da frota circulante, com qualidade OEM &#8211; originais de f\u00e1brica<\/p>\t\t\t\t\t\t<\/div>\n\t\t\t\t<\/div>\n\t\t\t\t<\/div>\n\t\t\t\t\t<\/div>\n\t\t\t\t<\/div>\n\t\t<div class=\"elementor-element elementor-element-6a72ba0 e-flex e-con-boxed e-con e-parent\" data-id=\"6a72ba0\" data-element_type=\"container\" data-settings=\"{&quot;background_background&quot;:&quot;classic&quot;}\">\n\t\t\t\t\t<div class=\"e-con-inner\">\n\t\t\t\t<div class=\"elementor-element elementor-element-9ee1bb2 elementor-invisible elementor-widget elementor-widget-heading\" data-id=\"9ee1bb2\" data-element_type=\"widget\" data-settings=\"{&quot;_animation&quot;:&quot;bounceIn&quot;}\" data-widget_type=\"heading.default\">\n\t\t\t\t<div class=\"elementor-widget-container\">\n\t\t\t<h2 class=\"elementor-heading-title elementor-size-default\">Solicite um Or\u00e7amento<\/h2>\t\t<\/div>\n\t\t\t\t<\/div>\n\t\t\t\t<div class=\"elementor-element elementor-element-565bd94 elementor-widget elementor-widget-text-editor\" data-id=\"565bd94\" data-element_type=\"widget\" data-widget_type=\"text-editor.default\">\n\t\t\t\t<div class=\"elementor-widget-container\">\n\t\t\t\t\t\t\t<p>Preencha o formul\u00e1rio abaixo que em breve entraremos em contato.<\/p>\t\t\t\t\t\t<\/div>\n\t\t\t\t<\/div>\n\t\t\t\t<div class=\"elementor-element elementor-element-a26f7cd elementor-button-align-stretch elementor-widget elementor-widget-form\" data-id=\"a26f7cd\" data-element_type=\"widget\" data-settings=\"{&quot;step_next_label&quot;:&quot;Pr\\u00f3ximo&quot;,&quot;step_previous_label&quot;:&quot;Anterior&quot;,&quot;button_width&quot;:&quot;100&quot;,&quot;step_type&quot;:&quot;number_text&quot;,&quot;step_icon_shape&quot;:&quot;circle&quot;}\" data-widget_type=\"form.default\">\n\t\t\t\t<div class=\"elementor-widget-container\">\n\t\t\t\t\t<form class=\"elementor-form\" method=\"post\" name=\"contato Servi\u00e7os\">\n\t\t\t<input type=\"hidden\" name=\"post_id\" value=\"287\"\/>\n\t\t\t<input type=\"hidden\" name=\"form_id\" value=\"a26f7cd\"\/>\n\t\t\t<input type=\"hidden\" name=\"referer_title\" value=\"\" \/>\n\n\t\t\t\n\t\t\t<div class=\"elementor-form-fields-wrapper elementor-labels-\">\n\t\t\t\t\t\t\t\t<div class=\"elementor-field-type-text elementor-field-group elementor-column elementor-field-group-name elementor-col-100 elementor-field-required\">\n\t\t\t\t\t\t\t\t\t\t\t\t<label for=\"form-field-name\" class=\"elementor-field-label elementor-screen-only\">\n\t\t\t\t\t\t\t\tNome\t\t\t\t\t\t\t<\/label>\n\t\t\t\t\t\t\t\t\t\t\t\t\t\t<input size=\"1\" type=\"text\" name=\"form_fields[name]\" id=\"form-field-name\" class=\"elementor-field elementor-size-sm  elementor-field-textual\" placeholder=\"Nome\" required=\"required\" aria-required=\"true\">\n\t\t\t\t\t\t\t\t\t\t\t<\/div>\n\t\t\t\t\t\t\t\t<div class=\"elementor-field-type-email elementor-field-group elementor-column elementor-field-group-email elementor-col-100 elementor-field-required\">\n\t\t\t\t\t\t\t\t\t\t\t\t<label for=\"form-field-email\" class=\"elementor-field-label elementor-screen-only\">\n\t\t\t\t\t\t\t\tE-mail\t\t\t\t\t\t\t<\/label>\n\t\t\t\t\t\t\t\t\t\t\t\t\t\t<input size=\"1\" type=\"email\" name=\"form_fields[email]\" id=\"form-field-email\" class=\"elementor-field elementor-size-sm  elementor-field-textual\" placeholder=\"E-mail\" required=\"required\" aria-required=\"true\">\n\t\t\t\t\t\t\t\t\t\t\t<\/div>\n\t\t\t\t\t\t\t\t<div class=\"elementor-field-type-tel elementor-field-group elementor-column elementor-field-group-field_783bef4 elementor-col-100 elementor-field-required\">\n\t\t\t\t\t\t\t\t\t\t\t\t<label for=\"form-field-field_783bef4\" class=\"elementor-field-label elementor-screen-only\">\n\t\t\t\t\t\t\t\tTelefone\t\t\t\t\t\t\t<\/label>\n\t\t\t\t\t\t\t\t<input size=\"1\" type=\"tel\" name=\"form_fields[field_783bef4]\" id=\"form-field-field_783bef4\" class=\"elementor-field elementor-size-sm  elementor-field-textual\" placeholder=\"Telefone\" required=\"required\" aria-required=\"true\" pattern=\"[0-9()#&amp;+*-=.]+\" title=\"Apenas n\u00fameros e caracteres de telefone (#, -, *, etc.) s\u00e3o aceitos.\">\n\n\t\t\t\t\t\t<\/div>\n\t\t\t\t\t\t\t\t<div class=\"elementor-field-type-textarea elementor-field-group elementor-column elementor-field-group-message elementor-col-100\">\n\t\t\t\t\t\t\t\t\t\t\t\t<label for=\"form-field-message\" class=\"elementor-field-label elementor-screen-only\">\n\t\t\t\t\t\t\t\tMensagem\t\t\t\t\t\t\t<\/label>\n\t\t\t\t\t\t<textarea class=\"elementor-field-textual elementor-field  elementor-size-sm\" name=\"form_fields[message]\" id=\"form-field-message\" rows=\"4\" placeholder=\"Mensagem\"><\/textarea>\t\t\t\t<\/div>\n\t\t\t\t\t\t\t\t<div class=\"elementor-field-group elementor-column elementor-field-type-submit elementor-col-100 e-form__buttons\">\n\t\t\t\t\t<button class=\"elementor-button elementor-size-sm\" type=\"submit\">\n\t\t\t\t\t\t<span class=\"elementor-button-content-wrapper\">\n\t\t\t\t\t\t\t\t\t\t\t\t\t\t\t\t\t\t\t\t\t\t<span class=\"elementor-button-text\">Enviar<\/span>\n\t\t\t\t\t\t\t\t\t\t\t\t\t<\/span>\n\t\t\t\t\t<\/button>\n\t\t\t\t<\/div>\n\t\t\t<\/div>\n\t\t<\/form>\n\t\t\t\t<\/div>\n\t\t\t\t<\/div>\n\t\t\t\t\t<\/div>\n\t\t\t\t<\/div>\n\t\t\t\t<\/div>\n\t\t","protected":false},"excerpt":{"rendered":"<p>NOSSAS REPRESENTADAS Bombas de freio, bombasde dire\u00e7\u00e3o hidr\u00e1ulicas,sapatas T, cu\u00edcas esapatas de freio. Diferenciais, card\u00e3s,cruzetas, rolamentos decubo de rodas, eixos eamortecedores. Correias e Tensionadores. Alternadores e Motores dePartida da marca DelcoRemy (BorgWarner). As linhas de bombas de \u00e1gua, \u00f3leo e combust\u00edvel s\u00e3o as mais completas para atender o mercado da frota circulante, com qualidade OEM [&hellip;]<\/p>\n","protected":false},"author":1,"featured_media":0,"parent":0,"menu_order":0,"comment_status":"closed","ping_status":"closed","template":"","meta":{"footnotes":""},"class_list":["post-287","page","type-page","status-publish","hentry"],"_links":{"self":[{"href":"https:\/\/gayubas.com\/index.php\/wp-json\/wp\/v2\/pages\/287","targetHints":{"allow":["GET"]}}],"collection":[{"href":"https:\/\/gayubas.com\/index.php\/wp-json\/wp\/v2\/pages"}],"about":[{"href":"https:\/\/gayubas.com\/index.php\/wp-json\/wp\/v2\/types\/page"}],"author":[{"embeddable":true,"href":"https:\/\/gayubas.com\/index.php\/wp-json\/wp\/v2\/users\/1"}],"replies":[{"embeddable":true,"href":"https:\/\/gayubas.com\/index.php\/wp-json\/wp\/v2\/comments?post=287"}],"version-history":[{"count":10,"href":"https:\/\/gayubas.com\/index.php\/wp-json\/wp\/v2\/pages\/287\/revisions"}],"predecessor-version":[{"id":346,"href":"https:\/\/gayubas.com\/index.php\/wp-json\/wp\/v2\/pages\/287\/revisions\/346"}],"wp:attachment":[{"href":"https:\/\/gayubas.com\/index.php\/wp-json\/wp\/v2\/media?parent=287"}],"curies":[{"name":"wp","href":"https:\/\/api.w.org\/{rel}","templated":true}]}}